{"id":2541,"date":"2025-06-25T15:01:58","date_gmt":"2025-06-25T13:01:58","guid":{"rendered":"https:\/\/kermisuden.nl\/accessibility-statement\/"},"modified":"2025-10-10T11:56:48","modified_gmt":"2025-10-10T09:56:48","slug":"zuganglichkeitserklarung","status":"publish","type":"page","link":"https:\/\/kermisuden.nl\/de\/accessibility-statement\/","title":{"rendered":"Erkl\u00e4rung zur Zug\u00e4nglichkeit"},"content":{"rendered":"<h6 class=\"wp-block-heading has-text-align-center\">Zug\u00e4nglichkeitserkl\u00e4rung f\u00fcr kermisuden.de<\/h6>\r\n\r\n\r\n\r\n<p><strong>Messegel\u00e4nde Uden<\/strong> setzt sich f\u00fcr die digitale Zug\u00e4nglichkeit f\u00fcr Menschen mit Behinderungen ein. Wir verbessern kontinuierlich die Benutzerfreundlichkeit f\u00fcr alle und wenden die einschl\u00e4gigen Zug\u00e4nglichkeitsstandards an.<\/p>\r\n\r\n\r\n\r\n<h6 class=\"wp-block-heading\">Stand der Einhaltung<\/h6>\r\n\r\n\r\n\r\n<p>Die Zug\u00e4nglichkeitsrichtlinien f\u00fcr Web-Inhalte (WCAG) legen Anforderungen f\u00fcr Designer und Entwickler fest, um die Zug\u00e4nglichkeit f\u00fcr Menschen mit Behinderungen zu verbessern. Es werden drei Stufen der Konformit\u00e4t definiert: Stufe A, Stufe AA und Stufe AAA.<\/p>\r\n\r\n\r\n\r\n<p><strong>Messegel\u00e4nde Uden<\/strong> ist st\u00e4ndig bem\u00fcht, die Zug\u00e4nglichkeit seiner Website und seiner Dienste zu verbessern, in der \u00dcberzeugung, dass es unsere gemeinsame moralische Pflicht ist, Menschen mit Behinderungen eine nahtlose, zug\u00e4ngliche und ungehinderte Nutzung zu erm\u00f6glichen.<\/p>\r\n\r\n\r\n\r\n<p>Wir bem\u00fchen uns, alle Seiten und Inhalte auf <strong>kermisuden.co.uk<\/strong> zug\u00e4nglich, aber einige Inhalte entsprechen noch nicht ganz den h\u00f6chsten Zug\u00e4nglichkeitsstandards. Dies k\u00f6nnte darauf zur\u00fcckzuf\u00fchren sein, dass es schwierig ist, die am besten geeignete technische L\u00f6sung zu finden.<\/p>\r\n\r\n\r\n\r\n<p>Wir k\u00f6nnen diese Erkl\u00e4rung von Zeit zu Zeit \u00fcberarbeiten, um Verbesserungen oder \u00c4nderungen an unseren Zug\u00e4nglichkeitspraktiken zu ber\u00fccksichtigen.<\/p>\r\n\r\n\r\n\r\n<h6 class=\"wp-block-heading\">R\u00fcckmeldung<\/h6>\r\n\r\n\r\n\r\n<p>Wir freuen uns \u00fcber Ihr Feedback zur Zug\u00e4nglichkeit von <strong>Messegel\u00e4nde Uden<\/strong> Website. Bitte teilen Sie uns mit, wenn Sie auf unserer Website auf Barrieren sto\u00dfen:<\/p>\r\n\r\n\r\n\r\n<p>E-Mail: <strong>kermis@gemeentemaashorst.nl<\/strong><\/p>\r\n\r\n\r\n\r\n<p>Wir versuchen, innerhalb von 3-5 Werktagen auf R\u00fcckmeldungen zu reagieren.<\/p>\r\n\r\n\r\n\r\n<p>Diese Erkl\u00e4rung wurde am 10.10.2025 erstellt.<\/p>","protected":false},"excerpt":{"rendered":"<p>Toegankelijkheidsverklaring voor kermisuden.nl Kermis Uden zet zich in voor digitale toegankelijkheid voor mensen met een handicap. We verbeteren voortdurend de gebruikerservaring voor iedereen en passen de relevante toegankelijkheidsnormen toe. Conformiteitsstatus De web inhoud accessibility guidelines (WCAG) defini\u00ebren eisen voor ontwerpers en ontwikkelaars om de toegankelijkheid voor mensen met een handicap te verbeteren. Er worden drie [&hellip;]<\/p>\n","protected":false},"author":1,"featured_media":0,"parent":0,"menu_order":0,"comment_status":"closed","ping_status":"closed","template":"","meta":{"_acf_changed":false,"_breakdance_hide_in_design_set":false,"_breakdance_tags":"","footnotes":""},"class_list":["post-2541","page","type-page","status-publish","hentry"],"acf":[],"_links":{"self":[{"href":"https:\/\/kermisuden.nl\/de\/wp-json\/wp\/v2\/pages\/2541","targetHints":{"allow":["GET"]}}],"collection":[{"href":"https:\/\/kermisuden.nl\/de\/wp-json\/wp\/v2\/pages"}],"about":[{"href":"https:\/\/kermisuden.nl\/de\/wp-json\/wp\/v2\/types\/page"}],"author":[{"embeddable":true,"href":"https:\/\/kermisuden.nl\/de\/wp-json\/wp\/v2\/users\/1"}],"replies":[{"embeddable":true,"href":"https:\/\/kermisuden.nl\/de\/wp-json\/wp\/v2\/comments?post=2541"}],"version-history":[{"count":1,"href":"https:\/\/kermisuden.nl\/de\/wp-json\/wp\/v2\/pages\/2541\/revisions"}],"predecessor-version":[{"id":2937,"href":"https:\/\/kermisuden.nl\/de\/wp-json\/wp\/v2\/pages\/2541\/revisions\/2937"}],"wp:attachment":[{"href":"https:\/\/kermisuden.nl\/de\/wp-json\/wp\/v2\/media?parent=2541"}],"curies":[{"name":"wp","href":"https:\/\/api.w.org\/{rel}","templated":true}]}}